{"id":42,"date":"2017-05-03T09:18:41","date_gmt":"2017-05-03T07:18:41","guid":{"rendered":"http:\/\/schlossberg-hexa.de\/page\/?page_id=42"},"modified":"2018-05-03T12:34:21","modified_gmt":"2018-05-03T10:34:21","slug":"unser-lied","status":"publish","type":"page","link":"https:\/\/schlossberg-hexa.de\/page\/unser-lied\/","title":{"rendered":"Unser Lied"},"content":{"rendered":"<table style=\"height: 1141px;\" border=\"0\" width=\"574\" cellspacing=\"0\" cellpadding=\"0\">\n<tbody>\n<tr>\n<td width=\"364\"><b>Scht\u00e4amer Narramarsch<\/b><\/p>\n<p><b>1.<\/b> Wenn om Scht\u00e4a rom d\u2018 Fasnet losgot,<br \/>\nert\u00f6nt Fanfare ond Schalmei.<br \/>\nOnd gar viele Maskatr\u00e4ger<br \/>\nsend do kr\u00e4ftig mit dr\u2019bei!<\/p>\n<p><b>Refrain<\/b><br \/>\nWenn dr Wenk\u2019l-Fratz dei Bluet en Wallong brengt<br \/>\nond des Hexaheer da Schlo\u00dfberg naw\u00e4rts sprengt,<br \/>\nnoch komment z\u2019Scht\u00e4a wieder d\u2019Narra raus,<br \/>\nkommet d\u2019Narra raus aus jedem Haus.<br \/>\nNoch isch em Wenk\u2019l wieder mol so weit,<br \/>\nja, s\u2019isch en Scht\u00e4a wieder d\u2019Fasnetszeit!<\/p>\n<p><b>2.<\/b> Glei noch Dreik\u00f6nig wenkt von Scht\u00e4a aus<br \/>\ndr Narrabaum hinaus ens Land.<br \/>\nNoch ganget d\u2019Narra naus uff d\u2019Stro\u00dfa<br \/>\nond \u00e4lls feschtet mitanand!<br \/>\nWenn dr Wenk\u2019l-Fratz&#8230;&#8230;&#8230;..<\/p>\n<p><b>3.<\/b> Noch kommt z\u2019Scht\u00e4a dr Glompig Donnschtig,<br \/>\ndo kommt dr Schultes von dr Macht!<br \/>\nOnd so herrschet noch sechs T\u00e4g lang<br \/>\nd\u2018 Scht\u00e4amer Narra, dass es blo\u00df kracht!<br \/>\nWenn dr Wenk\u2019l-Fratz&#8230;&#8230;<\/p>\n<p><b>4.<\/b> En dem Scht\u00e4amer Fasnetsstrubel<br \/>\ngibt Graf Wilhelm sich ein Stell-Dich-ein.<br \/>\nAu s\u2018 Neabelmale ond d\u2018 Hex\u2018 Bethe<br \/>\nsaget: \u201eIhr sollt n\u00e4rrisch sein!\u201c<br \/>\nWenn dr Wenk\u2019l-Fratz&#8230;&#8230;..<\/p>\n<p><b>5.<\/b> Wenn mir da narramarsch dann senget<br \/>\ndenkt jeder, so sott\u2019s emmer sei,<br \/>\ndenn noch schonklet \u00e4lle zamma,<br \/>\nFratza, Hexa ond Schalmei!<br \/>\nWenn dr Wenk\u2019l-Fratz&#8230;&#8230;..<\/p>\n<p><b>6.<\/b> Goht unser Fasnet dann zu Ende<br \/>\nisch dia Trauer riesagro\u00df!<br \/>\ndoch mir wisset \u00e4lle sicher,<br \/>\n\u00fcber\u2019s Johr got\u2019s wieder los!<br \/>\nWenn dr Wenk\u2019l-Fratz&#8230;&#8230;..<\/td>\n<td style=\"text-align: center;\"><span style=\"font-family: Arial; font-size: small;\"><a href=\"http:\/\/www.schlossberg-hexa.de\/files\/lied.wma\">-&gt; Download vom Lied &lt;-<\/a><\/span><\/p>\n<p>&nbsp;<\/p>\n<p>Den Liedtext gibt es hier als <a href=\"http:\/\/www.schlossberg-hexa.de\/files\/Narramarsch.pdf\">PDF Download<\/a><\/td>\n<\/tr>\n<\/tbody>\n<\/table>\n","protected":false},"excerpt":{"rendered":"<p>Scht\u00e4amer Narramarsch 1. Wenn om Scht\u00e4a rom d\u2018 Fasnet losgot, ert\u00f6nt Fanfare ond Schalmei. Ond gar viele Maskatr\u00e4ger send do kr\u00e4ftig mit dr\u2019bei! Refrain Wenn dr Wenk\u2019l-Fratz dei Bluet en Wallong brengt ond des Hexaheer da Schlo\u00dfberg naw\u00e4rts sprengt, noch komment z\u2019Scht\u00e4a wieder d\u2019Narra raus, kommet d\u2019Narra raus aus jedem Haus. Noch isch em Wenk\u2019l &hellip; <\/p>\n<p class=\"link-more\"><a href=\"https:\/\/schlossberg-hexa.de\/page\/unser-lied\/\" class=\"more-link\"><span class=\"screen-reader-text\">\u201eUnser Lied\u201c<\/span> weiterlesen<\/a><\/p>\n","protected":false},"author":1,"featured_media":0,"parent":0,"menu_order":0,"comment_status":"closed","ping_status":"closed","template":"","meta":{"footnotes":""},"class_list":["post-42","page","type-page","status-publish","hentry"],"_links":{"self":[{"href":"https:\/\/schlossberg-hexa.de\/page\/wp-json\/wp\/v2\/pages\/42","targetHints":{"allow":["GET"]}}],"collection":[{"href":"https:\/\/schlossberg-hexa.de\/page\/wp-json\/wp\/v2\/pages"}],"about":[{"href":"https:\/\/schlossberg-hexa.de\/page\/wp-json\/wp\/v2\/types\/page"}],"author":[{"embeddable":true,"href":"https:\/\/schlossberg-hexa.de\/page\/wp-json\/wp\/v2\/users\/1"}],"replies":[{"embeddable":true,"href":"https:\/\/schlossberg-hexa.de\/page\/wp-json\/wp\/v2\/comments?post=42"}],"version-history":[{"count":6,"href":"https:\/\/schlossberg-hexa.de\/page\/wp-json\/wp\/v2\/pages\/42\/revisions"}],"predecessor-version":[{"id":2049,"href":"https:\/\/schlossberg-hexa.de\/page\/wp-json\/wp\/v2\/pages\/42\/revisions\/2049"}],"wp:attachment":[{"href":"https:\/\/schlossberg-hexa.de\/page\/wp-json\/wp\/v2\/media?parent=42"}],"curies":[{"name":"wp","href":"https:\/\/api.w.org\/{rel}","templated":true}]}}